{"id":9,"date":"2023-03-23T23:28:20","date_gmt":"2023-03-23T23:28:20","guid":{"rendered":"https:\/\/houseup.art.br\/carrinho\/"},"modified":"2023-09-28T12:44:25","modified_gmt":"2023-09-28T15:44:25","slug":"carrinho","status":"publish","type":"page","link":"https:\/\/houseup.art.br\/inicio\/carrinho\/","title":{"rendered":"Carrinho"},"content":{"rendered":"\t\t<div data-elementor-type=\"wp-page\" data-elementor-id=\"9\" class=\"elementor elementor-9\" data-elementor-post-type=\"page\">\n\t\t\t\t\t\t<section class=\"elementor-section elementor-top-section elementor-element elementor-element-41862425 elementor-section-boxed elementor-section-height-default elementor-section-height-default wpr-particle-no wpr-jarallax-no wpr-parallax-no wpr-sticky-section-no wpr-equal-height-no\" data-id=\"41862425\" data-element_type=\"section\" data-e-type=\"section\">\n\t\t\t\t\t\t<div class=\"elementor-container elementor-column-gap-default\">\n\t\t\t\t\t<div class=\"elementor-column elementor-col-100 elementor-top-column elementor-element elementor-element-2774e6c3\" data-id=\"2774e6c3\" data-element_type=\"column\" data-e-type=\"column\">\n\t\t\t<div class=\"elementor-widget-wrap elementor-element-populated\">\n\t\t\t\t\t\t<div class=\"elementor-element elementor-element-6e20a8f elementor-widget elementor-widget-heading\" data-id=\"6e20a8f\" data-element_type=\"widget\" data-e-type=\"widget\" data-widget_type=\"heading.default\">\n\t\t\t\t<div class=\"elementor-widget-container\">\n\t\t\t\t\t<h2 class=\"elementor-heading-title elementor-size-default\">Carrinho\n<\/h2>\t\t\t\t<\/div>\n\t\t\t\t<\/div>\n\t\t\t\t\t<\/div>\n\t\t<\/div>\n\t\t\t\t\t<\/div>\n\t\t<\/section>\n\t\t\t\t<\/div>\n\t\t","protected":false},"excerpt":{"rendered":"<p>Carrinho &nbsp; Produto &nbsp; Pre\u00e7o Quantidade Subtotal &times; teste &#82;&#36;&nbsp;0,01 teste quantidade &#82;&#36;&nbsp;0,01 Atualizar carrinho Totais do Carrinho Subtotal &#82;&#36;&nbsp;0,01 Entrega Frete gr\u00e1tis Entrega para Rua Alice Manholer Piteri, Osasco, S\u00e3o Paulo, 06018-160. Mudar endere\u00e7o Pa\u00eds \/ regi\u00e3o: Selecione um pa\u00eds&hellip;Brasil Estado \/ Pa\u00eds: Selecione uma op\u00e7\u00e3o&hellip;AcreAlagoasAmap\u00e1AmazonasBahiaCear\u00e1Distrito FederalEsp\u00edrito SantoGoi\u00e1sMaranh\u00e3oMato GrossoMato Grosso do SulMinas GeraisPar\u00e1Para\u00edbaParan\u00e1PernambucoPiau\u00edRio de JaneiroRio Grande do NorteRio Grande do SulRond\u00f4niaRoraimaSanta CatarinaS\u00e3o PauloSergipeTocantins Cidade: C\u00f3digo postal \/ CEP: Atualizar Imposto &#82;&#36;&nbsp;0,00 Total &#82;&#36;&nbsp;0,01 Fazer o check-out<\/p>\n","protected":false},"author":2,"featured_media":0,"parent":0,"menu_order":0,"comment_status":"closed","ping_status":"closed","template":"","meta":{"_acf_changed":false,"footnotes":""},"class_list":["post-9","page","type-page","status-publish","hentry"],"acf":[],"jetpack_sharing_enabled":true,"_links":{"self":[{"href":"https:\/\/houseup.art.br\/inicio\/wp-json\/wp\/v2\/pages\/9","targetHints":{"allow":["GET"]}}],"collection":[{"href":"https:\/\/houseup.art.br\/inicio\/wp-json\/wp\/v2\/pages"}],"about":[{"href":"https:\/\/houseup.art.br\/inicio\/wp-json\/wp\/v2\/types\/page"}],"author":[{"embeddable":true,"href":"https:\/\/houseup.art.br\/inicio\/wp-json\/wp\/v2\/users\/2"}],"replies":[{"embeddable":true,"href":"https:\/\/houseup.art.br\/inicio\/wp-json\/wp\/v2\/comments?post=9"}],"version-history":[{"count":36,"href":"https:\/\/houseup.art.br\/inicio\/wp-json\/wp\/v2\/pages\/9\/revisions"}],"predecessor-version":[{"id":1758,"href":"https:\/\/houseup.art.br\/inicio\/wp-json\/wp\/v2\/pages\/9\/revisions\/1758"}],"wp:attachment":[{"href":"https:\/\/houseup.art.br\/inicio\/wp-json\/wp\/v2\/media?parent=9"}],"curies":[{"name":"wp","href":"https:\/\/api.w.org\/{rel}","templated":true}]}}