{"id":1963,"date":"2024-10-25T09:58:19","date_gmt":"2024-10-25T12:58:19","guid":{"rendered":"https:\/\/houseup.art.br\/inicio\/?post_type=product&#038;p=1963"},"modified":"2024-10-25T10:16:54","modified_gmt":"2024-10-25T13:16:54","slug":"escorredor-easy-duo","status":"publish","type":"product","link":"https:\/\/houseup.art.br\/inicio\/produto\/escorredor-easy-duo\/","title":{"rendered":"Escorredor Easy Duo"},"content":{"rendered":"<p>O Escorredor Easy Duo \u00e9 a solu\u00e7\u00e3o vers\u00e1til e eficiente para secar suas lou\u00e7as. Com dois andares, este escorredor em a\u00e7o inoxid\u00e1vel oferece espa\u00e7o para at\u00e9 8 pratos, al\u00e9m de copos e talheres. Sua caracter\u00edstica exclusiva \u00e9 a possibilidade de reposicionar os dois m\u00f3dulos para talheres em qualquer lateral da parte superior, proporcionando maior flexibilidade de organiza\u00e7\u00e3o que se adapta a qualquer cozinha. Este design inteligente otimiza o espa\u00e7o em sua bancada, tornando-o perfeito para cozinhas de todos os tamanhos. Mantenha sua cozinha organizada e eficiente com o Escorredor Easy Duo.<\/p>\n<p>\u2022 Produzido 100% em a\u00e7o inoxid\u00e1vel de alta qualidade<\/p>\n<p>\u2022 Produto utilizado para suporte de lou\u00e7as, copos, talheres e utens\u00edlios de cozinha ap\u00f3s a higieniza\u00e7\u00e3o<\/p>\n<p>\u2022 M\u00f3dulo com suporte para pratos (capacidade para 8 pratos), espa\u00e7o para copos e m\u00f3dulo para talheres, detergente ou esponja<\/p>\n","protected":false},"excerpt":{"rendered":"<p>O Escorredor Easy Duo \u00e9 a solu\u00e7\u00e3o vers\u00e1til e eficiente para secar suas lou\u00e7as. Com dois andares, este escorredor em a\u00e7o inoxid\u00e1vel oferece espa\u00e7o para at\u00e9 8 pratos, al\u00e9m de copos e talheres. Sua caracter\u00edstica exclusiva \u00e9 a possibilidade de reposicionar os dois m\u00f3dulos para talheres em qualquer lateral da parte superior, proporcionando maior flexibilidade de organiza\u00e7\u00e3o que se adapta a qualquer cozinha. Este design inteligente otimiza o espa\u00e7o em sua bancada, tornando-o perfeito para cozinhas de todos os tamanhos. Mantenha sua cozinha organizada e eficiente com o Escorredor Easy Duo. \u2022 Produzido 100% em a\u00e7o inoxid\u00e1vel de alta qualidade \u2022 Produto utilizado para suporte de lou\u00e7as, copos, talheres e utens\u00edlios de cozinha ap\u00f3s a higieniza\u00e7\u00e3o \u2022 M\u00f3dulo com suporte para pratos (capacidade para 8 pratos), espa\u00e7o para copos e m\u00f3dulo para talheres, detergente ou esponja<\/p>\n","protected":false},"featured_media":1964,"template":"","meta":{"_acf_changed":false},"product_brand":[],"product_cat":[27],"product_tag":[],"class_list":{"0":"post-1963","1":"product","2":"type-product","3":"status-publish","4":"has-post-thumbnail","6":"product_cat-escorredores","8":"first","9":"instock","10":"taxable","11":"shipping-taxable","12":"purchasable","13":"product-type-simple"},"acf":[],"jetpack_sharing_enabled":true,"_links":{"self":[{"href":"https:\/\/houseup.art.br\/inicio\/wp-json\/wp\/v2\/product\/1963","targetHints":{"allow":["GET"]}}],"collection":[{"href":"https:\/\/houseup.art.br\/inicio\/wp-json\/wp\/v2\/product"}],"about":[{"href":"https:\/\/houseup.art.br\/inicio\/wp-json\/wp\/v2\/types\/product"}],"wp:featuredmedia":[{"embeddable":true,"href":"https:\/\/houseup.art.br\/inicio\/wp-json\/wp\/v2\/media\/1964"}],"wp:attachment":[{"href":"https:\/\/houseup.art.br\/inicio\/wp-json\/wp\/v2\/media?parent=1963"}],"wp:term":[{"taxonomy":"product_brand","embeddable":true,"href":"https:\/\/houseup.art.br\/inicio\/wp-json\/wp\/v2\/product_brand?post=1963"},{"taxonomy":"product_cat","embeddable":true,"href":"https:\/\/houseup.art.br\/inicio\/wp-json\/wp\/v2\/product_cat?post=1963"},{"taxonomy":"product_tag","embeddable":true,"href":"https:\/\/houseup.art.br\/inicio\/wp-json\/wp\/v2\/product_tag?post=1963"}],"curies":[{"name":"wp","href":"https:\/\/api.w.org\/{rel}","templated":true}]}}