{"id":1967,"date":"2024-10-25T10:13:39","date_gmt":"2024-10-25T13:13:39","guid":{"rendered":"https:\/\/houseup.art.br\/inicio\/?post_type=product&#038;p=1967"},"modified":"2024-10-25T10:17:03","modified_gmt":"2024-10-25T13:17:03","slug":"escorredor-easy","status":"publish","type":"product","link":"https:\/\/houseup.art.br\/inicio\/produto\/escorredor-easy\/","title":{"rendered":"Escorredor Easy"},"content":{"rendered":"<p>O Escorredor Easy \u00e9 a escolha perfeita para quem busca praticidade e organiza\u00e7\u00e3o na cozinha. Com um design compacto, este escorredor em a\u00e7o inoxid\u00e1vel \u00e9 ideal para acomodar at\u00e9 8 pratos, al\u00e9m de oferecer espa\u00e7o para copos e talheres. Sua constru\u00e7\u00e3o resistente garante durabilidade, e o design funcional otimiza o espa\u00e7o em sua bancada. Mantenha seus utens\u00edlios de cozinha limpos e organizados enquanto economiza espa\u00e7o. O Escorredor Easy \u00e9 a solu\u00e7\u00e3o eficaz e elegante para suas necessidades de secagem de lou\u00e7as. Adquira o seu hoje e desfrute de uma cozinha mais organizada e eficiente.<\/p>\n<p>\u2022 Produzido 100% em a\u00e7o inoxid\u00e1vel de alta qualidade<\/p>\n<p>\u2022 Produto utilizado para suporte de lou\u00e7as, copos, talheres e utens\u00edlios de cozinha ap\u00f3s a higieniza\u00e7\u00e3o<\/p>\n<p>\u2022 M\u00f3dulo com suporte para pratos (capacidade para 8 pratos), espa\u00e7o para copos e m\u00f3dulo para talheres, detergente ou esponja<\/p>\n","protected":false},"excerpt":{"rendered":"<p>O Escorredor Easy \u00e9 a escolha perfeita para quem busca praticidade e organiza\u00e7\u00e3o na cozinha. Com um design compacto, este escorredor em a\u00e7o inoxid\u00e1vel \u00e9 ideal para acomodar at\u00e9 8 pratos, al\u00e9m de oferecer espa\u00e7o para copos e talheres. Sua constru\u00e7\u00e3o resistente garante durabilidade, e o design funcional otimiza o espa\u00e7o em sua bancada. Mantenha seus utens\u00edlios de cozinha limpos e organizados enquanto economiza espa\u00e7o. O Escorredor Easy \u00e9 a solu\u00e7\u00e3o eficaz e elegante para suas necessidades de secagem de lou\u00e7as. Adquira o seu hoje e desfrute de uma cozinha mais organizada e eficiente. \u2022 Produzido 100% em a\u00e7o inoxid\u00e1vel de alta qualidade \u2022 Produto utilizado para suporte de lou\u00e7as, copos, talheres e utens\u00edlios de cozinha ap\u00f3s a higieniza\u00e7\u00e3o \u2022 M\u00f3dulo com suporte para pratos (capacidade para 8 pratos), espa\u00e7o para copos e m\u00f3dulo para talheres, detergente ou esponja<\/p>\n","protected":false},"featured_media":1968,"template":"","meta":{"_acf_changed":false},"product_brand":[],"product_cat":[27],"product_tag":[],"class_list":{"0":"post-1967","1":"product","2":"type-product","3":"status-publish","4":"has-post-thumbnail","6":"product_cat-escorredores","8":"first","9":"instock","10":"taxable","11":"shipping-taxable","12":"purchasable","13":"product-type-simple"},"acf":[],"jetpack_sharing_enabled":true,"_links":{"self":[{"href":"https:\/\/houseup.art.br\/inicio\/wp-json\/wp\/v2\/product\/1967","targetHints":{"allow":["GET"]}}],"collection":[{"href":"https:\/\/houseup.art.br\/inicio\/wp-json\/wp\/v2\/product"}],"about":[{"href":"https:\/\/houseup.art.br\/inicio\/wp-json\/wp\/v2\/types\/product"}],"wp:featuredmedia":[{"embeddable":true,"href":"https:\/\/houseup.art.br\/inicio\/wp-json\/wp\/v2\/media\/1968"}],"wp:attachment":[{"href":"https:\/\/houseup.art.br\/inicio\/wp-json\/wp\/v2\/media?parent=1967"}],"wp:term":[{"taxonomy":"product_brand","embeddable":true,"href":"https:\/\/houseup.art.br\/inicio\/wp-json\/wp\/v2\/product_brand?post=1967"},{"taxonomy":"product_cat","embeddable":true,"href":"https:\/\/houseup.art.br\/inicio\/wp-json\/wp\/v2\/product_cat?post=1967"},{"taxonomy":"product_tag","embeddable":true,"href":"https:\/\/houseup.art.br\/inicio\/wp-json\/wp\/v2\/product_tag?post=1967"}],"curies":[{"name":"wp","href":"https:\/\/api.w.org\/{rel}","templated":true}]}}