{"id":714,"date":"2023-06-01T12:51:43","date_gmt":"2023-06-01T15:51:43","guid":{"rendered":"https:\/\/houseup.art.br\/produto\/queimador-de-lareira-800\/"},"modified":"2023-06-01T15:24:47","modified_gmt":"2023-06-01T18:24:47","slug":"queimador-de-lareira-800","status":"publish","type":"product","link":"https:\/\/houseup.art.br\/inicio\/produto\/queimador-de-lareira-800\/","title":{"rendered":"Queimador de Lareira 800"},"content":{"rendered":"<p>Queimador 800<\/p>\n<p>&#8211; Produzido em a\u00e7o inoxid\u00e1vel de alta qualidade.<\/p>\n<p>&#8211; Lareira ecol\u00f3gica.<\/p>\n<p>&#8211; Isolamento de fibra cer\u00e2mica de alta durabilidade.<\/p>\n<p>&#8211; Capacidade do reservat\u00f3rio 0,3 litros.<\/p>\n<p>&#8211; Medidas externas:800x140x80 mm (CxLxA).<\/p>\n<p>&#8211; Medidas de encaixe:110x770mm.<\/p>\n","protected":false},"excerpt":{"rendered":"<p>Queimador 800 &#8211; Produzido em a\u00e7o inoxid\u00e1vel de alta qualidade. &#8211; Lareira ecol\u00f3gica. &#8211; Isolamento de fibra cer\u00e2mica de alta durabilidade. &#8211; Capacidade do reservat\u00f3rio 0,3 litros. &#8211; Medidas externas:800x140x80 mm (CxLxA). &#8211; Medidas de encaixe:110x770mm.<\/p>\n","protected":false},"featured_media":889,"template":"","meta":{"_acf_changed":false},"product_brand":[],"product_cat":[31],"product_tag":[],"class_list":{"0":"post-714","1":"product","2":"type-product","3":"status-publish","4":"has-post-thumbnail","6":"product_cat-lareiras","8":"first","9":"instock","10":"taxable","11":"shipping-taxable","12":"purchasable","13":"product-type-simple"},"acf":[],"jetpack_sharing_enabled":true,"_links":{"self":[{"href":"https:\/\/houseup.art.br\/inicio\/wp-json\/wp\/v2\/product\/714","targetHints":{"allow":["GET"]}}],"collection":[{"href":"https:\/\/houseup.art.br\/inicio\/wp-json\/wp\/v2\/product"}],"about":[{"href":"https:\/\/houseup.art.br\/inicio\/wp-json\/wp\/v2\/types\/product"}],"wp:featuredmedia":[{"embeddable":true,"href":"https:\/\/houseup.art.br\/inicio\/wp-json\/wp\/v2\/media\/889"}],"wp:attachment":[{"href":"https:\/\/houseup.art.br\/inicio\/wp-json\/wp\/v2\/media?parent=714"}],"wp:term":[{"taxonomy":"product_brand","embeddable":true,"href":"https:\/\/houseup.art.br\/inicio\/wp-json\/wp\/v2\/product_brand?post=714"},{"taxonomy":"product_cat","embeddable":true,"href":"https:\/\/houseup.art.br\/inicio\/wp-json\/wp\/v2\/product_cat?post=714"},{"taxonomy":"product_tag","embeddable":true,"href":"https:\/\/houseup.art.br\/inicio\/wp-json\/wp\/v2\/product_tag?post=714"}],"curies":[{"name":"wp","href":"https:\/\/api.w.org\/{rel}","templated":true}]}}