{"id":718,"date":"2023-06-01T12:51:49","date_gmt":"2023-06-01T15:51:49","guid":{"rendered":"https:\/\/houseup.art.br\/produto\/lareira-love\/"},"modified":"2023-06-01T15:24:03","modified_gmt":"2023-06-01T18:24:03","slug":"lareira-love","status":"publish","type":"product","link":"https:\/\/houseup.art.br\/inicio\/produto\/lareira-love\/","title":{"rendered":"Lareira Love"},"content":{"rendered":"<p>Lareira Love<\/p>\n<p>&#8211; Material constru\u00eddo em Inox: Base, Queimador, Abafador de Chamas;<br \/>&#8211; Queimador: Internamente revestido por L\u00e3 Cer\u00e2mica (n\u00e3o L\u00e3 de Rocha);<br \/>&#8211; Acess\u00f3rios que acompanham a pe\u00e7a: 01 Funil de PP \/ 01 Acendedor de Chamas;<\/p>\n<p>&#8211; Medidas externas: 600x150x150\u00a0(CxLxA).<\/p>\n","protected":false},"excerpt":{"rendered":"<p>Lareira Love &#8211; Material constru\u00eddo em Inox: Base, Queimador, Abafador de Chamas;&#8211; Queimador: Internamente revestido por L\u00e3 Cer\u00e2mica (n\u00e3o L\u00e3 de Rocha);&#8211; Acess\u00f3rios que acompanham a pe\u00e7a: 01 Funil de PP \/ 01 Acendedor de Chamas; &#8211; Medidas externas: 600x150x150\u00a0(CxLxA).<\/p>\n","protected":false},"featured_media":873,"template":"","meta":{"_acf_changed":false},"product_brand":[],"product_cat":[31],"product_tag":[],"class_list":{"0":"post-718","1":"product","2":"type-product","3":"status-publish","4":"has-post-thumbnail","6":"product_cat-lareiras","8":"first","9":"instock","10":"taxable","11":"shipping-taxable","12":"purchasable","13":"product-type-simple"},"acf":[],"jetpack_sharing_enabled":true,"_links":{"self":[{"href":"https:\/\/houseup.art.br\/inicio\/wp-json\/wp\/v2\/product\/718","targetHints":{"allow":["GET"]}}],"collection":[{"href":"https:\/\/houseup.art.br\/inicio\/wp-json\/wp\/v2\/product"}],"about":[{"href":"https:\/\/houseup.art.br\/inicio\/wp-json\/wp\/v2\/types\/product"}],"wp:featuredmedia":[{"embeddable":true,"href":"https:\/\/houseup.art.br\/inicio\/wp-json\/wp\/v2\/media\/873"}],"wp:attachment":[{"href":"https:\/\/houseup.art.br\/inicio\/wp-json\/wp\/v2\/media?parent=718"}],"wp:term":[{"taxonomy":"product_brand","embeddable":true,"href":"https:\/\/houseup.art.br\/inicio\/wp-json\/wp\/v2\/product_brand?post=718"},{"taxonomy":"product_cat","embeddable":true,"href":"https:\/\/houseup.art.br\/inicio\/wp-json\/wp\/v2\/product_cat?post=718"},{"taxonomy":"product_tag","embeddable":true,"href":"https:\/\/houseup.art.br\/inicio\/wp-json\/wp\/v2\/product_tag?post=718"}],"curies":[{"name":"wp","href":"https:\/\/api.w.org\/{rel}","templated":true}]}}