{"id":723,"date":"2023-06-01T12:51:55","date_gmt":"2023-06-01T15:51:55","guid":{"rendered":"https:\/\/houseup.art.br\/produto\/escorredor-gourmet-de-sobrepor-800\/"},"modified":"2023-06-01T15:18:36","modified_gmt":"2023-06-01T18:18:36","slug":"escorredor-gourmet-de-sobrepor-800","status":"publish","type":"product","link":"https:\/\/houseup.art.br\/inicio\/produto\/escorredor-gourmet-de-sobrepor-800\/","title":{"rendered":"Escorredor Gourmet de Sobrepor 800"},"content":{"rendered":"<div class=\"prodBox\" id=\"descricao\">\n<div class=\"board\">\n<div class=\"board_htm description\">\n<div class=\"prodBox\" id=\"descricao\">\n<div class=\"board\">\n<div class=\"board_htm description\">\n<div class=\"prodBox\" id=\"descricao\">\n<div class=\"board\">\n<div class=\"board_htm description\">\n<p>Escorredor Gourmet de Sobrepor 800<\/p>\n<p>&#8211; Produto utilizado para suporte de lou\u00e7as, copos, talheres e utens\u00edlios de cozinha ap\u00f3s a higieniza\u00e7\u00e3o<br \/>&#8211; Produzido 100% em a\u00e7o inoxid\u00e1vel de alta qualidade.<br \/>&#8211; Espa\u00e7o para 06 pratos, talheres\/utens\u00edlios e copos<br \/>&#8211; Para ser colocado sobre a bancada\/pia<br \/>&#8211; N\u00e3o acompanha lou\u00e7as, talheres, etc.<\/p>\n<p>Medidas externas: 750x230x180 mm ( CxLxA )<\/p>\n<\/div>\n<\/div>\n<\/div>\n<\/div>\n<\/div>\n<\/div>\n<\/div>\n<\/div>\n<\/div>\n","protected":false},"excerpt":{"rendered":"<p>Escorredor Gourmet de Sobrepor 800 &#8211; Produto utilizado para suporte de lou\u00e7as, copos, talheres e utens\u00edlios de cozinha ap\u00f3s a higieniza\u00e7\u00e3o&#8211; Produzido 100% em a\u00e7o inoxid\u00e1vel de alta qualidade.&#8211; Espa\u00e7o para 06 pratos, talheres\/utens\u00edlios e copos&#8211; Para ser colocado sobre a bancada\/pia&#8211; N\u00e3o acompanha lou\u00e7as, talheres, etc. Medidas externas: 750x230x180 mm ( CxLxA )<\/p>\n","protected":false},"featured_media":777,"template":"","meta":{"_acf_changed":false},"product_brand":[],"product_cat":[27],"product_tag":[],"class_list":{"0":"post-723","1":"product","2":"type-product","3":"status-publish","4":"has-post-thumbnail","6":"product_cat-escorredores","8":"first","9":"instock","10":"taxable","11":"shipping-taxable","12":"purchasable","13":"product-type-simple"},"acf":[],"jetpack_sharing_enabled":true,"_links":{"self":[{"href":"https:\/\/houseup.art.br\/inicio\/wp-json\/wp\/v2\/product\/723","targetHints":{"allow":["GET"]}}],"collection":[{"href":"https:\/\/houseup.art.br\/inicio\/wp-json\/wp\/v2\/product"}],"about":[{"href":"https:\/\/houseup.art.br\/inicio\/wp-json\/wp\/v2\/types\/product"}],"wp:featuredmedia":[{"embeddable":true,"href":"https:\/\/houseup.art.br\/inicio\/wp-json\/wp\/v2\/media\/777"}],"wp:attachment":[{"href":"https:\/\/houseup.art.br\/inicio\/wp-json\/wp\/v2\/media?parent=723"}],"wp:term":[{"taxonomy":"product_brand","embeddable":true,"href":"https:\/\/houseup.art.br\/inicio\/wp-json\/wp\/v2\/product_brand?post=723"},{"taxonomy":"product_cat","embeddable":true,"href":"https:\/\/houseup.art.br\/inicio\/wp-json\/wp\/v2\/product_cat?post=723"},{"taxonomy":"product_tag","embeddable":true,"href":"https:\/\/houseup.art.br\/inicio\/wp-json\/wp\/v2\/product_tag?post=723"}],"curies":[{"name":"wp","href":"https:\/\/api.w.org\/{rel}","templated":true}]}}