{"id":729,"date":"2023-06-01T12:52:03","date_gmt":"2023-06-01T15:52:03","guid":{"rendered":"https:\/\/houseup.art.br\/produto\/porta-esponja\/"},"modified":"2023-06-01T15:19:45","modified_gmt":"2023-06-01T18:19:45","slug":"porta-esponja","status":"publish","type":"product","link":"https:\/\/houseup.art.br\/inicio\/produto\/porta-esponja\/","title":{"rendered":"Porta Esponja"},"content":{"rendered":"<p>Porta Esponja<\/p>\n<p>&#8211; Produzido em a\u00e7o inoxid\u00e1vel de alta qualidade<br \/>&#8211; Design inovador<br \/>&#8211; Acompanha duas ventosas para fixa\u00e7\u00e3o em cubas<\/p>\n<p>Medidas externas: 70x100x28 mm.<\/p>\n","protected":false},"excerpt":{"rendered":"<p>Porta Esponja &#8211; Produzido em a\u00e7o inoxid\u00e1vel de alta qualidade&#8211; Design inovador&#8211; Acompanha duas ventosas para fixa\u00e7\u00e3o em cubas Medidas externas: 70x100x28 mm.<\/p>\n","protected":false},"featured_media":799,"template":"","meta":{"_acf_changed":false},"product_brand":[],"product_cat":[30],"product_tag":[],"class_list":{"0":"post-729","1":"product","2":"type-product","3":"status-publish","4":"has-post-thumbnail","6":"product_cat-acessorios","8":"first","9":"instock","10":"taxable","11":"shipping-taxable","12":"purchasable","13":"product-type-simple"},"acf":[],"jetpack_sharing_enabled":true,"_links":{"self":[{"href":"https:\/\/houseup.art.br\/inicio\/wp-json\/wp\/v2\/product\/729","targetHints":{"allow":["GET"]}}],"collection":[{"href":"https:\/\/houseup.art.br\/inicio\/wp-json\/wp\/v2\/product"}],"about":[{"href":"https:\/\/houseup.art.br\/inicio\/wp-json\/wp\/v2\/types\/product"}],"wp:featuredmedia":[{"embeddable":true,"href":"https:\/\/houseup.art.br\/inicio\/wp-json\/wp\/v2\/media\/799"}],"wp:attachment":[{"href":"https:\/\/houseup.art.br\/inicio\/wp-json\/wp\/v2\/media?parent=729"}],"wp:term":[{"taxonomy":"product_brand","embeddable":true,"href":"https:\/\/houseup.art.br\/inicio\/wp-json\/wp\/v2\/product_brand?post=729"},{"taxonomy":"product_cat","embeddable":true,"href":"https:\/\/houseup.art.br\/inicio\/wp-json\/wp\/v2\/product_cat?post=729"},{"taxonomy":"product_tag","embeddable":true,"href":"https:\/\/houseup.art.br\/inicio\/wp-json\/wp\/v2\/product_tag?post=729"}],"curies":[{"name":"wp","href":"https:\/\/api.w.org\/{rel}","templated":true}]}}