{"id":730,"date":"2023-06-01T12:52:05","date_gmt":"2023-06-01T15:52:05","guid":{"rendered":"https:\/\/houseup.art.br\/produto\/escorredor-de-copos-400\/"},"modified":"2023-06-01T15:19:59","modified_gmt":"2023-06-01T18:19:59","slug":"escorredor-de-copos-400","status":"publish","type":"product","link":"https:\/\/houseup.art.br\/inicio\/produto\/escorredor-de-copos-400\/","title":{"rendered":"Escorredor de Copos 400"},"content":{"rendered":"<div class=\"prodBox\" id=\"descricao\">\n<div class=\"board\">\n<div class=\"board_htm description\">\n<p>Escorredor de copos 400<\/p>\n<p>&#8211; Inclusa v\u00e1lvula de 2&#8243; inoxid\u00e1vel.\u00a0<br \/>&#8211; Produto utilizado para suporte de copos ap\u00f3s higieniza\u00e7\u00e3o<br \/>&#8211; Produzido 100% em a\u00e7o inoxid\u00e1vel de alta qualidade.<br \/>&#8211; N\u00e3o acompanha copos<\/p>\n<p>Medidas externas: 425x120x100 mm ( CxLxP )<\/p>\n<\/div>\n<\/div>\n<\/div>\n","protected":false},"excerpt":{"rendered":"<p>escorredor de copos 400 modular em a\u00e7o inox<\/p>\n","protected":false},"featured_media":802,"template":"","meta":{"_acf_changed":false},"product_brand":[],"product_cat":[30],"product_tag":[],"class_list":{"0":"post-730","1":"product","2":"type-product","3":"status-publish","4":"has-post-thumbnail","6":"product_cat-acessorios","8":"first","9":"instock","10":"taxable","11":"shipping-taxable","12":"purchasable","13":"product-type-simple"},"acf":[],"jetpack_sharing_enabled":true,"_links":{"self":[{"href":"https:\/\/houseup.art.br\/inicio\/wp-json\/wp\/v2\/product\/730","targetHints":{"allow":["GET"]}}],"collection":[{"href":"https:\/\/houseup.art.br\/inicio\/wp-json\/wp\/v2\/product"}],"about":[{"href":"https:\/\/houseup.art.br\/inicio\/wp-json\/wp\/v2\/types\/product"}],"wp:featuredmedia":[{"embeddable":true,"href":"https:\/\/houseup.art.br\/inicio\/wp-json\/wp\/v2\/media\/802"}],"wp:attachment":[{"href":"https:\/\/houseup.art.br\/inicio\/wp-json\/wp\/v2\/media?parent=730"}],"wp:term":[{"taxonomy":"product_brand","embeddable":true,"href":"https:\/\/houseup.art.br\/inicio\/wp-json\/wp\/v2\/product_brand?post=730"},{"taxonomy":"product_cat","embeddable":true,"href":"https:\/\/houseup.art.br\/inicio\/wp-json\/wp\/v2\/product_cat?post=730"},{"taxonomy":"product_tag","embeddable":true,"href":"https:\/\/houseup.art.br\/inicio\/wp-json\/wp\/v2\/product_tag?post=730"}],"curies":[{"name":"wp","href":"https:\/\/api.w.org\/{rel}","templated":true}]}}