{"id":731,"date":"2023-06-01T12:52:06","date_gmt":"2023-06-01T15:52:06","guid":{"rendered":"https:\/\/houseup.art.br\/produto\/escorredor-portatil-400\/"},"modified":"2023-06-01T15:20:14","modified_gmt":"2023-06-01T18:20:14","slug":"escorredor-portatil-400","status":"publish","type":"product","link":"https:\/\/houseup.art.br\/inicio\/produto\/escorredor-portatil-400\/","title":{"rendered":"Escorredor Port\u00e1til 400"},"content":{"rendered":"<div class=\"prodBox\" id=\"descricao\">\n<div class=\"board\">\n<div class=\"board_htm description\">\n<p>Escorredor Port\u00e1til<\/p>\n<p>&#8211; Inclusa v\u00e1lvula de 2&#8243; inoxid\u00e1vel.\u00a0<br \/>&#8211; Produto utilizado para suporte de lou\u00e7as, copos, talheres e utens\u00edlios de cozinha ap\u00f3s a lava\u00e7\u00e3o e enxague.<br \/>&#8211; Produzido 100% em a\u00e7o inoxid\u00e1vel de alta qualidade.<br \/>&#8211; M\u00f3dulo menor cont\u00e9m: 01 m\u00f3dulo\u00a0para pratos ( total para 06 pratos cada ), 01\u00a0m\u00f3dulo para talheres e utens\u00edlios<br \/>-N\u00e3o acompanha lou\u00e7as, talheres, etc.<\/p>\n<p>Medidas externas: 420x200x100 mm<\/p>\n<\/div>\n<\/div>\n<\/div>\n","protected":false},"excerpt":{"rendered":"<p>Escorredor Port\u00e1til &#8211; Inclusa v\u00e1lvula de 2&#8243; inoxid\u00e1vel.\u00a0&#8211; Produto utilizado para suporte de lou\u00e7as, copos, talheres e utens\u00edlios de cozinha ap\u00f3s a lava\u00e7\u00e3o e enxague.&#8211; Produzido 100% em a\u00e7o inoxid\u00e1vel de alta qualidade.&#8211; M\u00f3dulo menor cont\u00e9m: 01 m\u00f3dulo\u00a0para pratos ( total para 06 pratos cada ), 01\u00a0m\u00f3dulo para talheres e utens\u00edlios-N\u00e3o acompanha lou\u00e7as, talheres, etc. Medidas externas: 420x200x100 mm<\/p>\n","protected":false},"featured_media":806,"template":"","meta":{"_acf_changed":false},"product_brand":[],"product_cat":[30],"product_tag":[],"class_list":{"0":"post-731","1":"product","2":"type-product","3":"status-publish","4":"has-post-thumbnail","6":"product_cat-acessorios","8":"first","9":"instock","10":"taxable","11":"shipping-taxable","12":"purchasable","13":"product-type-simple"},"acf":[],"jetpack_sharing_enabled":true,"_links":{"self":[{"href":"https:\/\/houseup.art.br\/inicio\/wp-json\/wp\/v2\/product\/731","targetHints":{"allow":["GET"]}}],"collection":[{"href":"https:\/\/houseup.art.br\/inicio\/wp-json\/wp\/v2\/product"}],"about":[{"href":"https:\/\/houseup.art.br\/inicio\/wp-json\/wp\/v2\/types\/product"}],"wp:featuredmedia":[{"embeddable":true,"href":"https:\/\/houseup.art.br\/inicio\/wp-json\/wp\/v2\/media\/806"}],"wp:attachment":[{"href":"https:\/\/houseup.art.br\/inicio\/wp-json\/wp\/v2\/media?parent=731"}],"wp:term":[{"taxonomy":"product_brand","embeddable":true,"href":"https:\/\/houseup.art.br\/inicio\/wp-json\/wp\/v2\/product_brand?post=731"},{"taxonomy":"product_cat","embeddable":true,"href":"https:\/\/houseup.art.br\/inicio\/wp-json\/wp\/v2\/product_cat?post=731"},{"taxonomy":"product_tag","embeddable":true,"href":"https:\/\/houseup.art.br\/inicio\/wp-json\/wp\/v2\/product_tag?post=731"}],"curies":[{"name":"wp","href":"https:\/\/api.w.org\/{rel}","templated":true}]}}