{"id":732,"date":"2023-06-01T12:52:08","date_gmt":"2023-06-01T15:52:08","guid":{"rendered":"https:\/\/houseup.art.br\/produto\/porta-detergente-embutido\/"},"modified":"2023-06-01T15:20:29","modified_gmt":"2023-06-01T18:20:29","slug":"porta-detergente-embutido","status":"publish","type":"product","link":"https:\/\/houseup.art.br\/inicio\/produto\/porta-detergente-embutido\/","title":{"rendered":"Porta Detergente Embutido"},"content":{"rendered":"<p>Porta Detergente Embutido<\/p>\n<p>&#8211; Produzido em a\u00e7o inoxid\u00e1vel de alta qualidade<br \/>&#8211; Cont\u00e9m tampa e dispenser pr\u00e1tico<br \/>&#8211; M\u00f3dulo \u00e0 parte<br \/>&#8211; Capacidade para 780ml de detergente<\/p>\n<p>Medidas externas: 215x215x100 mm.<\/p>\n","protected":false},"excerpt":{"rendered":"<p>Porta Detergente Embutido &#8211; Produzido em a\u00e7o inoxid\u00e1vel de alta qualidade&#8211; Cont\u00e9m tampa e dispenser pr\u00e1tico&#8211; M\u00f3dulo \u00e0 parte&#8211; Capacidade para 780ml de detergente Medidas externas: 215x215x100 mm.<\/p>\n","protected":false},"featured_media":810,"template":"","meta":{"_acf_changed":false},"product_brand":[],"product_cat":[30],"product_tag":[],"class_list":{"0":"post-732","1":"product","2":"type-product","3":"status-publish","4":"has-post-thumbnail","6":"product_cat-acessorios","8":"first","9":"instock","10":"taxable","11":"shipping-taxable","12":"purchasable","13":"product-type-simple"},"acf":[],"jetpack_sharing_enabled":true,"_links":{"self":[{"href":"https:\/\/houseup.art.br\/inicio\/wp-json\/wp\/v2\/product\/732","targetHints":{"allow":["GET"]}}],"collection":[{"href":"https:\/\/houseup.art.br\/inicio\/wp-json\/wp\/v2\/product"}],"about":[{"href":"https:\/\/houseup.art.br\/inicio\/wp-json\/wp\/v2\/types\/product"}],"wp:featuredmedia":[{"embeddable":true,"href":"https:\/\/houseup.art.br\/inicio\/wp-json\/wp\/v2\/media\/810"}],"wp:attachment":[{"href":"https:\/\/houseup.art.br\/inicio\/wp-json\/wp\/v2\/media?parent=732"}],"wp:term":[{"taxonomy":"product_brand","embeddable":true,"href":"https:\/\/houseup.art.br\/inicio\/wp-json\/wp\/v2\/product_brand?post=732"},{"taxonomy":"product_cat","embeddable":true,"href":"https:\/\/houseup.art.br\/inicio\/wp-json\/wp\/v2\/product_cat?post=732"},{"taxonomy":"product_tag","embeddable":true,"href":"https:\/\/houseup.art.br\/inicio\/wp-json\/wp\/v2\/product_tag?post=732"}],"curies":[{"name":"wp","href":"https:\/\/api.w.org\/{rel}","templated":true}]}}