{"id":733,"date":"2023-06-01T12:52:09","date_gmt":"2023-06-01T15:52:09","guid":{"rendered":"https:\/\/houseup.art.br\/produto\/porta-detergente-modular\/"},"modified":"2023-06-01T15:20:43","modified_gmt":"2023-06-01T18:20:43","slug":"porta-detergente-modular","status":"publish","type":"product","link":"https:\/\/houseup.art.br\/inicio\/produto\/porta-detergente-modular\/","title":{"rendered":"Porta Detergente Modular"},"content":{"rendered":"<p>Porta Detergente Modular<\/p>\n<p>&#8211; Produzido em a\u00e7o inoxid\u00e1vel de alta qualidade<br \/>&#8211; Cont\u00e9m tampa, dispenser pr\u00e1tico e espa\u00e7o para esponja<br \/>&#8211; Capacidade para 780ml de detergente<\/p>\n<p>Medidas externas: 180x150x100mm.<\/p>\n","protected":false},"excerpt":{"rendered":"<p>Porta Detergente Modular &#8211; Produzido em a\u00e7o inoxid\u00e1vel de alta qualidade&#8211; Cont\u00e9m tampa, dispenser pr\u00e1tico e espa\u00e7o para esponja&#8211; Capacidade para 780ml de detergente Medidas externas: 180x150x100mm.<\/p>\n","protected":false},"featured_media":814,"template":"","meta":{"_acf_changed":false},"product_brand":[],"product_cat":[30],"product_tag":[],"class_list":{"0":"post-733","1":"product","2":"type-product","3":"status-publish","4":"has-post-thumbnail","6":"product_cat-acessorios","8":"first","9":"instock","10":"taxable","11":"shipping-taxable","12":"purchasable","13":"product-type-simple"},"acf":[],"jetpack_sharing_enabled":true,"_links":{"self":[{"href":"https:\/\/houseup.art.br\/inicio\/wp-json\/wp\/v2\/product\/733","targetHints":{"allow":["GET"]}}],"collection":[{"href":"https:\/\/houseup.art.br\/inicio\/wp-json\/wp\/v2\/product"}],"about":[{"href":"https:\/\/houseup.art.br\/inicio\/wp-json\/wp\/v2\/types\/product"}],"wp:featuredmedia":[{"embeddable":true,"href":"https:\/\/houseup.art.br\/inicio\/wp-json\/wp\/v2\/media\/814"}],"wp:attachment":[{"href":"https:\/\/houseup.art.br\/inicio\/wp-json\/wp\/v2\/media?parent=733"}],"wp:term":[{"taxonomy":"product_brand","embeddable":true,"href":"https:\/\/houseup.art.br\/inicio\/wp-json\/wp\/v2\/product_brand?post=733"},{"taxonomy":"product_cat","embeddable":true,"href":"https:\/\/houseup.art.br\/inicio\/wp-json\/wp\/v2\/product_cat?post=733"},{"taxonomy":"product_tag","embeddable":true,"href":"https:\/\/houseup.art.br\/inicio\/wp-json\/wp\/v2\/product_tag?post=733"}],"curies":[{"name":"wp","href":"https:\/\/api.w.org\/{rel}","templated":true}]}}