{"id":734,"date":"2023-06-01T12:52:10","date_gmt":"2023-06-01T15:52:10","guid":{"rendered":"https:\/\/houseup.art.br\/produto\/porta-detergente\/"},"modified":"2023-06-01T15:20:57","modified_gmt":"2023-06-01T18:20:57","slug":"porta-detergente","status":"publish","type":"product","link":"https:\/\/houseup.art.br\/inicio\/produto\/porta-detergente\/","title":{"rendered":"Porta Detergente"},"content":{"rendered":"<div class=\"prodBox\" id=\"descricao\">\n<div class=\"board\">\n<div class=\"board_htm description\">\n<p>Porta Detergente<\/p>\n<p>&#8211; Produzido em a\u00e7o inoxid\u00e1vel de alta qualidade<br \/>&#8211; Cont\u00e9m tampa e dispenser pr\u00e1tico<br \/>&#8211; M\u00f3dulo se encaixa em outros escorredores House Up<br \/>&#8211; Capacidade para 780ml de detergente<\/p>\n<p>Medidas externas: 215x215x270mm.<\/p>\n<\/div>\n<\/div>\n<\/div>\n","protected":false},"excerpt":{"rendered":"<p>Porta Detergente &#8211; Produzido em a\u00e7o inoxid\u00e1vel de alta qualidade&#8211; Cont\u00e9m tampa e dispenser pr\u00e1tico&#8211; M\u00f3dulo se encaixa em outros escorredores House Up&#8211; Capacidade para 780ml de detergente Medidas externas: 215x215x270mm.<\/p>\n","protected":false},"featured_media":818,"template":"","meta":{"_acf_changed":false},"product_brand":[],"product_cat":[30],"product_tag":[],"class_list":{"0":"post-734","1":"product","2":"type-product","3":"status-publish","4":"has-post-thumbnail","6":"product_cat-acessorios","8":"first","9":"instock","10":"taxable","11":"shipping-taxable","12":"purchasable","13":"product-type-simple"},"acf":[],"jetpack_sharing_enabled":true,"_links":{"self":[{"href":"https:\/\/houseup.art.br\/inicio\/wp-json\/wp\/v2\/product\/734","targetHints":{"allow":["GET"]}}],"collection":[{"href":"https:\/\/houseup.art.br\/inicio\/wp-json\/wp\/v2\/product"}],"about":[{"href":"https:\/\/houseup.art.br\/inicio\/wp-json\/wp\/v2\/types\/product"}],"wp:featuredmedia":[{"embeddable":true,"href":"https:\/\/houseup.art.br\/inicio\/wp-json\/wp\/v2\/media\/818"}],"wp:attachment":[{"href":"https:\/\/houseup.art.br\/inicio\/wp-json\/wp\/v2\/media?parent=734"}],"wp:term":[{"taxonomy":"product_brand","embeddable":true,"href":"https:\/\/houseup.art.br\/inicio\/wp-json\/wp\/v2\/product_brand?post=734"},{"taxonomy":"product_cat","embeddable":true,"href":"https:\/\/houseup.art.br\/inicio\/wp-json\/wp\/v2\/product_cat?post=734"},{"taxonomy":"product_tag","embeddable":true,"href":"https:\/\/houseup.art.br\/inicio\/wp-json\/wp\/v2\/product_tag?post=734"}],"curies":[{"name":"wp","href":"https:\/\/api.w.org\/{rel}","templated":true}]}}