{"id":736,"date":"2023-06-01T12:52:13","date_gmt":"2023-06-01T15:52:13","guid":{"rendered":"https:\/\/houseup.art.br\/produto\/lixeira-gourmet-5l\/"},"modified":"2023-06-01T15:21:25","modified_gmt":"2023-06-01T18:21:25","slug":"lixeira-gourmet-5l","status":"publish","type":"product","link":"https:\/\/houseup.art.br\/inicio\/produto\/lixeira-gourmet-5l\/","title":{"rendered":"Lixeira Gourmet 5L"},"content":{"rendered":"<p>Lixeira de embutir\u00a0<\/p>\n<p>&#8211; Produzido em a\u00e7o inoxid\u00e1vel de alta qualidade<\/p>\n<p>&#8211; Cont\u00e9m tampa e moldura de acabamento<\/p>\n<p>&#8211; Sistema articulado do balde de 5 litros<\/p>\n<p>&#8211; Sistema com ladr\u00e3o para odor.<\/p>\n<p>&#8211; Medidas externas:215x215x215 mm.<\/p>\n","protected":false},"excerpt":{"rendered":"<p>Lixeira de embutir\u00a0 &#8211; Produzido em a\u00e7o inoxid\u00e1vel de alta qualidade &#8211; Cont\u00e9m tampa e moldura de acabamento &#8211; Sistema articulado do balde de 5 litros &#8211; Sistema com ladr\u00e3o para odor. &#8211; Medidas externas:215x215x215 mm.<\/p>\n","protected":false},"featured_media":826,"template":"","meta":{"_acf_changed":false},"product_brand":[],"product_cat":[32],"product_tag":[],"class_list":{"0":"post-736","1":"product","2":"type-product","3":"status-publish","4":"has-post-thumbnail","6":"product_cat-lixeiras","8":"first","9":"instock","10":"taxable","11":"shipping-taxable","12":"purchasable","13":"product-type-simple"},"acf":[],"jetpack_sharing_enabled":true,"_links":{"self":[{"href":"https:\/\/houseup.art.br\/inicio\/wp-json\/wp\/v2\/product\/736","targetHints":{"allow":["GET"]}}],"collection":[{"href":"https:\/\/houseup.art.br\/inicio\/wp-json\/wp\/v2\/product"}],"about":[{"href":"https:\/\/houseup.art.br\/inicio\/wp-json\/wp\/v2\/types\/product"}],"wp:featuredmedia":[{"embeddable":true,"href":"https:\/\/houseup.art.br\/inicio\/wp-json\/wp\/v2\/media\/826"}],"wp:attachment":[{"href":"https:\/\/houseup.art.br\/inicio\/wp-json\/wp\/v2\/media?parent=736"}],"wp:term":[{"taxonomy":"product_brand","embeddable":true,"href":"https:\/\/houseup.art.br\/inicio\/wp-json\/wp\/v2\/product_brand?post=736"},{"taxonomy":"product_cat","embeddable":true,"href":"https:\/\/houseup.art.br\/inicio\/wp-json\/wp\/v2\/product_cat?post=736"},{"taxonomy":"product_tag","embeddable":true,"href":"https:\/\/houseup.art.br\/inicio\/wp-json\/wp\/v2\/product_tag?post=736"}],"curies":[{"name":"wp","href":"https:\/\/api.w.org\/{rel}","templated":true}]}}