{"id":748,"date":"2023-06-01T12:52:29","date_gmt":"2023-06-01T15:52:29","guid":{"rendered":"https:\/\/houseup.art.br\/produto\/escorredor-gourmet-de-embutir-1500\/"},"modified":"2023-06-01T15:26:35","modified_gmt":"2023-06-01T18:26:35","slug":"escorredor-gourmet-de-embutir-1500","status":"publish","type":"product","link":"https:\/\/houseup.art.br\/inicio\/produto\/escorredor-gourmet-de-embutir-1500\/","title":{"rendered":"Escorredor Gourmet de Embutir 1500"},"content":{"rendered":"<p>Escorredor 1500<br \/>&#8211; Inclusa v\u00e1lvula de 2&#8243; inoxid\u00e1vel.\u00a0<br \/>&#8211; Produto utilizado para suporte de lou\u00e7as, copos, talheres e utens\u00edlios de cozinha ap\u00f3s a lava\u00e7\u00e3o e enxague.<br \/>&#8211; Produzido 100% em a\u00e7o inoxid\u00e1vel de alta qualidade.<br \/>&#8211; M\u00f3dulo menor cont\u00e9m: 02\u00a0m\u00f3dulos para pratos ( total para 06 pratos cada\u00a0), 03\u00a0m\u00f3dulos com 04 recipientes para talheres e utens\u00edlios e 01 m\u00f3dulo para copos.<br \/>-Sobreposto no tampo.<br \/>-N\u00e3o acompanha lou\u00e7as, talheres, etc.<\/p>\n<p>Medidas externas: 1520 X 215 X140 mm ( CxLxP )<\/p>\n","protected":false},"excerpt":{"rendered":"<p>escorredor gourmet de embutir 1500 em a\u00e7o inox<\/p>\n","protected":false},"featured_media":920,"template":"","meta":{"_acf_changed":false},"product_brand":[],"product_cat":[27],"product_tag":[],"class_list":{"0":"post-748","1":"product","2":"type-product","3":"status-publish","4":"has-post-thumbnail","6":"product_cat-escorredores","8":"first","9":"instock","10":"taxable","11":"shipping-taxable","12":"purchasable","13":"product-type-simple"},"acf":[],"jetpack_sharing_enabled":true,"_links":{"self":[{"href":"https:\/\/houseup.art.br\/inicio\/wp-json\/wp\/v2\/product\/748","targetHints":{"allow":["GET"]}}],"collection":[{"href":"https:\/\/houseup.art.br\/inicio\/wp-json\/wp\/v2\/product"}],"about":[{"href":"https:\/\/houseup.art.br\/inicio\/wp-json\/wp\/v2\/types\/product"}],"wp:featuredmedia":[{"embeddable":true,"href":"https:\/\/houseup.art.br\/inicio\/wp-json\/wp\/v2\/media\/920"}],"wp:attachment":[{"href":"https:\/\/houseup.art.br\/inicio\/wp-json\/wp\/v2\/media?parent=748"}],"wp:term":[{"taxonomy":"product_brand","embeddable":true,"href":"https:\/\/houseup.art.br\/inicio\/wp-json\/wp\/v2\/product_brand?post=748"},{"taxonomy":"product_cat","embeddable":true,"href":"https:\/\/houseup.art.br\/inicio\/wp-json\/wp\/v2\/product_cat?post=748"},{"taxonomy":"product_tag","embeddable":true,"href":"https:\/\/houseup.art.br\/inicio\/wp-json\/wp\/v2\/product_tag?post=748"}],"curies":[{"name":"wp","href":"https:\/\/api.w.org\/{rel}","templated":true}]}}