{"id":750,"date":"2023-06-01T12:52:32","date_gmt":"2023-06-01T15:52:32","guid":{"rendered":"https:\/\/houseup.art.br\/produto\/lixeira-gourmet-7l\/"},"modified":"2023-06-01T15:27:22","modified_gmt":"2023-06-01T18:27:22","slug":"lixeira-gourmet-7l","status":"publish","type":"product","link":"https:\/\/houseup.art.br\/inicio\/produto\/lixeira-gourmet-7l\/","title":{"rendered":"Lixeira Gourmet 7L"},"content":{"rendered":"<p>Lixeira de embutir\u00a0<\/p>\n<p>&#8211; Produzido em a\u00e7o inoxid\u00e1vel de alta qualidade<\/p>\n<p>&#8211; Cont\u00e9m tampa e moldura de acabamento<\/p>\n<p>&#8211; Sistema articulado do balde de 7 litros<\/p>\n<p>&#8211; Sistema com ladr\u00e3o para odor.<\/p>\n<p>&#8211; Medidas externas: 215x215x270mm.<\/p>\n","protected":false},"excerpt":{"rendered":"<p>Lixeira de embutir\u00a0 &#8211; Produzido em a\u00e7o inoxid\u00e1vel de alta qualidade &#8211; Cont\u00e9m tampa e moldura de acabamento &#8211; Sistema articulado do balde de 7 litros &#8211; Sistema com ladr\u00e3o para odor. &#8211; Medidas externas: 215x215x270mm.<\/p>\n","protected":false},"featured_media":932,"template":"","meta":{"_acf_changed":false},"product_brand":[],"product_cat":[32],"product_tag":[],"class_list":{"0":"post-750","1":"product","2":"type-product","3":"status-publish","4":"has-post-thumbnail","6":"product_cat-lixeiras","8":"first","9":"instock","10":"taxable","11":"shipping-taxable","12":"purchasable","13":"product-type-simple"},"acf":[],"jetpack_sharing_enabled":true,"_links":{"self":[{"href":"https:\/\/houseup.art.br\/inicio\/wp-json\/wp\/v2\/product\/750","targetHints":{"allow":["GET"]}}],"collection":[{"href":"https:\/\/houseup.art.br\/inicio\/wp-json\/wp\/v2\/product"}],"about":[{"href":"https:\/\/houseup.art.br\/inicio\/wp-json\/wp\/v2\/types\/product"}],"wp:featuredmedia":[{"embeddable":true,"href":"https:\/\/houseup.art.br\/inicio\/wp-json\/wp\/v2\/media\/932"}],"wp:attachment":[{"href":"https:\/\/houseup.art.br\/inicio\/wp-json\/wp\/v2\/media?parent=750"}],"wp:term":[{"taxonomy":"product_brand","embeddable":true,"href":"https:\/\/houseup.art.br\/inicio\/wp-json\/wp\/v2\/product_brand?post=750"},{"taxonomy":"product_cat","embeddable":true,"href":"https:\/\/houseup.art.br\/inicio\/wp-json\/wp\/v2\/product_cat?post=750"},{"taxonomy":"product_tag","embeddable":true,"href":"https:\/\/houseup.art.br\/inicio\/wp-json\/wp\/v2\/product_tag?post=750"}],"curies":[{"name":"wp","href":"https:\/\/api.w.org\/{rel}","templated":true}]}}