{"id":751,"date":"2023-06-01T12:53:05","date_gmt":"2023-06-01T15:53:05","guid":{"rendered":"https:\/\/houseup.art.br\/produto\/escorredor-gourmet-quad-de-embutir-580\/"},"modified":"2023-06-01T15:26:10","modified_gmt":"2023-06-01T18:26:10","slug":"escorredor-gourmet-quad-de-embutir-580","status":"publish","type":"product","link":"https:\/\/houseup.art.br\/inicio\/produto\/escorredor-gourmet-quad-de-embutir-580\/","title":{"rendered":"Escorredor Gourmet Quad de Embutir 580"},"content":{"rendered":"<p>Escorredor Gourmet Quad 580<\/p>\n<p>&#8211; Dreno interno, v\u00e1lvula americana<br \/>&#8211; Produto utilizado para suporte de lou\u00e7as, copos, talheres e utens\u00edlios de cozinha ap\u00f3s a lava\u00e7\u00e3o e enxague.<br \/>&#8211; Produzido 100% em a\u00e7o inoxid\u00e1vel de alta qualidade.<br \/>&#8211; M\u00f3dulo quadrado cont\u00e9m: 02 m\u00f3dulos para pratos ( total para 12 pratos), 02 m\u00f3dulo com 04 recipientes para talheres e utens\u00edlios e 01 m\u00f3dulo para copos.<br \/>&#8211; N\u00e3o acompanha lou\u00e7as, talheres, etc.<\/p>\n<p>&#8211; Medidas externas: 580x480x140mm (CxLxP)<br \/>&#8211; Medida \u00fatil: 550x454x140 mm<br \/>&#8211; Medidas para corte da bancada: 555 x 460mm (C x L ) Profundidade:140 mm<\/p>\n","protected":false},"excerpt":{"rendered":"<p>Escorredor Gourmet Quad 580 &#8211; Dreno interno, v\u00e1lvula americana&#8211; Produto utilizado para suporte de lou\u00e7as, copos, talheres e utens\u00edlios de cozinha ap\u00f3s a lava\u00e7\u00e3o e enxague.&#8211; Produzido 100% em a\u00e7o inoxid\u00e1vel de alta qualidade.&#8211; M\u00f3dulo quadrado cont\u00e9m: 02 m\u00f3dulos para pratos ( total para 12 pratos), 02 m\u00f3dulo com 04 recipientes para talheres e utens\u00edlios e 01 m\u00f3dulo para copos.&#8211; N\u00e3o acompanha lou\u00e7as, talheres, etc. &#8211; Medidas externas: 580x480x140mm (CxLxP)&#8211; Medida \u00fatil: 550x454x140 mm&#8211; Medidas para corte da bancada: 555 x 460mm (C x L ) Profundidade:140 mm<\/p>\n","protected":false},"featured_media":913,"template":"","meta":{"_acf_changed":false},"product_brand":[],"product_cat":[27],"product_tag":[],"class_list":{"0":"post-751","1":"product","2":"type-product","3":"status-publish","4":"has-post-thumbnail","6":"product_cat-escorredores","8":"first","9":"instock","10":"taxable","11":"shipping-taxable","12":"purchasable","13":"product-type-simple"},"acf":[],"jetpack_sharing_enabled":true,"_links":{"self":[{"href":"https:\/\/houseup.art.br\/inicio\/wp-json\/wp\/v2\/product\/751","targetHints":{"allow":["GET"]}}],"collection":[{"href":"https:\/\/houseup.art.br\/inicio\/wp-json\/wp\/v2\/product"}],"about":[{"href":"https:\/\/houseup.art.br\/inicio\/wp-json\/wp\/v2\/types\/product"}],"wp:featuredmedia":[{"embeddable":true,"href":"https:\/\/houseup.art.br\/inicio\/wp-json\/wp\/v2\/media\/913"}],"wp:attachment":[{"href":"https:\/\/houseup.art.br\/inicio\/wp-json\/wp\/v2\/media?parent=751"}],"wp:term":[{"taxonomy":"product_brand","embeddable":true,"href":"https:\/\/houseup.art.br\/inicio\/wp-json\/wp\/v2\/product_brand?post=751"},{"taxonomy":"product_cat","embeddable":true,"href":"https:\/\/houseup.art.br\/inicio\/wp-json\/wp\/v2\/product_cat?post=751"},{"taxonomy":"product_tag","embeddable":true,"href":"https:\/\/houseup.art.br\/inicio\/wp-json\/wp\/v2\/product_tag?post=751"}],"curies":[{"name":"wp","href":"https:\/\/api.w.org\/{rel}","templated":true}]}}